{"id":15,"date":"2022-12-12T18:56:50","date_gmt":"2022-12-12T18:56:50","guid":{"rendered":"https:\/\/www.rachotbanda.com\/?page_id=15"},"modified":"2022-12-15T23:04:16","modified_gmt":"2022-12-15T23:04:16","slug":"kontakt","status":"publish","type":"page","link":"https:\/\/www.rachotbanda.com\/?page_id=15","title":{"rendered":"Kontakt"},"content":{"rendered":"\r\n<p style=\"text-align: center;\"><br \/><a href=\"mailto:rachotbanda@centrum.cz\"><strong><span style=\"font-family: trebuchet ms, geneva, sans-serif;\">rachotbanda@centrum.cz<\/span><\/strong><\/a><\/p>\r\n\r\n\r\n\r\n<p style=\"text-align: center;\"><span style=\"font-family: trebuchet ms, geneva, sans-serif;\">M\u00e1te-li odvahu a z\u00e1jem, aby V\u00e1m <strong>RACHOT BANDA<\/strong> zahr\u00e1la, dejte n\u00e1m v\u011bd\u011bt!<br \/><strong>Pavel Yankee Mat\u011bjka<\/strong> &#8211; 604 732 107 \u00e1n\u00e9b\u00f3 <strong>Martin Mrca Holan<\/strong> &#8211; 602 385 427<br \/><br \/>Technick\u00e9 podm\u00ednky + STAGE plan ke sta\u017een\u00ed: <a href=\"https:\/\/www.rachotbanda.com\/wp-content\/uploads\/2022\/12\/RB-stageplan.pdf\" target=\"_blank\" rel=\"noopener\">RB stageplan<\/a><br \/>P\u0159ibli\u017en\u00fd kapeln\u00ed reperto\u00e1r pro p\u0159edstavu: <a href=\"https:\/\/www.rachotbanda.com\/wp-content\/uploads\/2022\/12\/RB-seznam-na-bal.pdf\" target=\"_blank\" rel=\"noopener\">RB seznam na bal<\/a><br \/><\/span><\/p>\r\n<p style=\"text-align: center;\"><img loading=\"lazy\" decoding=\"async\" class=\"alignnone wp-image-53 size-full\" src=\"https:\/\/www.rachotbanda.com\/wp-content\/uploads\/2022\/12\/RB2019.jpg\" alt=\"\" width=\"850\" height=\"409\" srcset=\"https:\/\/www.rachotbanda.com\/wp-content\/uploads\/2022\/12\/RB2019.jpg 850w, https:\/\/www.rachotbanda.com\/wp-content\/uploads\/2022\/12\/RB2019-300x144.jpg 300w, https:\/\/www.rachotbanda.com\/wp-content\/uploads\/2022\/12\/RB2019-768x370.jpg 768w\" sizes=\"auto, (max-width: 850px) 100vw, 850px\" \/><\/p>\r\n<p><span style=\"font-family: trebuchet ms, geneva, sans-serif;\">\r\n\r\n<\/span><\/p>\r\n<figure class=\"wp-block-table\"><\/figure>\r\n","protected":false},"excerpt":{"rendered":"<p>rachotbanda@centrum.cz M\u00e1te-li odvahu a z\u00e1jem, aby V\u00e1m RACHOT BANDA zahr\u00e1la, dejte n\u00e1m v\u011bd\u011bt!Pavel Yankee Mat\u011bjka &#8211; 604 732 107 \u00e1n\u00e9b\u00f3 Martin Mrca Holan &#8211; 602 385 427 Technick\u00e9 podm\u00ednky + STAGE plan ke sta\u017een\u00ed: RB stageplanP\u0159ibli\u017en\u00fd kapeln\u00ed reperto\u00e1r pro p\u0159edstavu: RB seznam na bal<\/p>\n","protected":false},"author":1,"featured_media":0,"parent":0,"menu_order":0,"comment_status":"closed","ping_status":"closed","template":"full-width-page.php","meta":{"footnotes":""},"class_list":["post-15","page","type-page","status-publish","hentry"],"_links":{"self":[{"href":"https:\/\/www.rachotbanda.com\/index.php?rest_route=\/wp\/v2\/pages\/15","targetHints":{"allow":["GET"]}}],"collection":[{"href":"https:\/\/www.rachotbanda.com\/index.php?rest_route=\/wp\/v2\/pages"}],"about":[{"href":"https:\/\/www.rachotbanda.com\/index.php?rest_route=\/wp\/v2\/types\/page"}],"author":[{"embeddable":true,"href":"https:\/\/www.rachotbanda.com\/index.php?rest_route=\/wp\/v2\/users\/1"}],"replies":[{"embeddable":true,"href":"https:\/\/www.rachotbanda.com\/index.php?rest_route=%2Fwp%2Fv2%2Fcomments&post=15"}],"version-history":[{"count":9,"href":"https:\/\/www.rachotbanda.com\/index.php?rest_route=\/wp\/v2\/pages\/15\/revisions"}],"predecessor-version":[{"id":153,"href":"https:\/\/www.rachotbanda.com\/index.php?rest_route=\/wp\/v2\/pages\/15\/revisions\/153"}],"wp:attachment":[{"href":"https:\/\/www.rachotbanda.com\/index.php?rest_route=%2Fwp%2Fv2%2Fmedia&parent=15"}],"curies":[{"name":"wp","href":"https:\/\/api.w.org\/{rel}","templated":true}]}}