{"id":2,"date":"2022-07-26T11:58:29","date_gmt":"2022-07-26T11:58:29","guid":{"rendered":"http:\/\/localhost\/wordpress\/?page_id=2"},"modified":"2026-03-07T12:22:48","modified_gmt":"2026-03-07T12:22:48","slug":"sample-page","status":"publish","type":"page","link":"https:\/\/www.rachotbanda.com\/?page_id=2","title":{"rendered":"Hran\u00ed"},"content":{"rendered":"\r\n<table class=\" aligncenter\" style=\"height: 337px; width: 161.68%; border-collapse: collapse;\">\r\n<tbody>\r\n<tr style=\"height: 24px;\">\r\n<td style=\"width: 19.3563%; height: 24px;\"><span style=\"font-family: trebuchet ms, geneva, sans-serif;\"><strong>07.02.2026<\/strong><\/span><\/td>\r\n<td style=\"width: 10.375%; height: 24px;\"><span style=\"font-family: trebuchet ms, geneva, sans-serif; font-size: 10pt;\">sobota<\/span><\/td>\r\n<td style=\"width: 126.636%; height: 24px;\"><span style=\"font-family: trebuchet ms, geneva, sans-serif;\"><span style=\"color: #339966;\">Masopust ve Stru\u017einci cca od 17h<\/span><\/span><\/td>\r\n<\/tr>\r\n<tr style=\"height: 24px;\">\r\n<td style=\"width: 19.3563%; height: 24px;\"><strong><span style=\"font-family: trebuchet ms, geneva, sans-serif;\">14.02.2026<\/span><\/strong><\/td>\r\n<td style=\"width: 10.375%; height: 24px;\"><span style=\"font-family: trebuchet ms, geneva, sans-serif; font-size: 10pt;\">sobota<\/span><\/td>\r\n<td style=\"width: 126.636%; height: 24px;\"><span style=\"font-family: trebuchet ms, geneva, sans-serif; color: #339966;\">Vidochov chajda (soukr. osadn\u00ed akce)<\/span><\/td>\r\n<\/tr>\r\n<tr style=\"height: 24px;\">\r\n<td style=\"width: 19.3563%; height: 24px;\"><strong><span style=\"font-family: trebuchet ms, geneva, sans-serif;\">06.03.2026<\/span><\/strong><\/td>\r\n<td style=\"width: 10.375%; height: 24px;\"><span style=\"font-family: trebuchet ms, geneva, sans-serif; font-size: 10pt;\">p\u00e1tek<\/span><\/td>\r\n<td style=\"width: 126.636%; height: 24px;\"><span style=\"font-family: trebuchet ms, geneva, sans-serif; color: #339966;\">15. country b\u00e1l na Z\u00e1mku &#8211; Lomnice nad Popelkou<br \/><\/span><\/td>\r\n<\/tr>\r\n<tr style=\"height: 24px;\">\r\n<td style=\"width: 19.3563%; height: 24px;\"><strong><span style=\"font-family: trebuchet ms, geneva, sans-serif;\">13.03.2026<\/span><\/strong><\/td>\r\n<td style=\"width: 10.375%; height: 24px;\"><span style=\"font-family: trebuchet ms, geneva, sans-serif; font-size: 10pt;\">p\u00e1tek<\/span><\/td>\r\n<td style=\"width: 126.636%; height: 24px;\"><span style=\"font-family: trebuchet ms, geneva, sans-serif; color: #339966;\">Skautsk\u00fd b\u00e1l &#8211; Tatobity<\/span><\/td>\r\n<\/tr>\r\n<tr style=\"height: 24px;\">\r\n<td style=\"width: 19.3563%; height: 25px;\"><strong><span style=\"font-family: trebuchet ms, geneva, sans-serif;\">21.03.2026<\/span><\/strong><\/td>\r\n<td style=\"width: 10.375%; height: 25px;\"><span style=\"font-family: trebuchet ms, geneva, sans-serif; font-size: 10pt;\">sobota<\/span><\/td>\r\n<td style=\"width: 126.636%; height: 25px;\"><span style=\"font-family: trebuchet ms, geneva, sans-serif; color: #339966;\">V\u00fdro\u010dn\u00ed sch\u016fze vod\u00e1ck\u00e9ho klubu (soukr. akce)<br \/><\/span><\/td>\r\n<\/tr>\r\n<tr style=\"height: 24px;\">\r\n<td style=\"width: 19.3563%; height: 24px;\"><strong><span style=\"font-family: trebuchet ms, geneva, sans-serif;\">28.03.2026<\/span><\/strong><\/td>\r\n<td style=\"width: 10.375%; height: 24px;\"><span style=\"font-family: trebuchet ms, geneva, sans-serif; font-size: 10pt;\">sobota<\/span><\/td>\r\n<td style=\"width: 126.636%; height: 24px;\"><span style=\"font-family: trebuchet ms, geneva, sans-serif; color: #339966;\">n\u00e1\u0161 obl\u00edben\u00fd b\u00fdval\u00fd hospodsk\u00fd slav\u00ed (soukr. akce)<\/span><\/td>\r\n<\/tr>\r\n<tr style=\"height: 24px;\">\r\n<td style=\"width: 19.3563%; height: 24px;\"><strong><span style=\"font-family: trebuchet ms, geneva, sans-serif;\">25.04.2026<\/span><span style=\"font-family: trebuchet ms, geneva, sans-serif;\"><br \/><\/span><\/strong><\/td>\r\n<td style=\"width: 10.375%; height: 24px;\"><span style=\"font-family: trebuchet ms, geneva, sans-serif; font-size: 10pt;\">sobota<\/span><\/td>\r\n<td style=\"width: 126.636%; height: 24px;\"><span style=\"font-family: trebuchet ms, geneva, sans-serif; color: #339966;\">hran\u00ed v pivovarsk\u00e9m vlaku Lomnice &#8211; (Lomnick\u00e9 pivo)<\/span><\/td>\r\n<\/tr>\r\n<tr style=\"height: 24px;\">\r\n<td style=\"width: 19.3563%; height: 24px;\"><strong><span style=\"font-family: trebuchet ms, geneva, sans-serif;\">02.05.2026<\/span><span style=\"font-family: trebuchet ms, geneva, sans-serif;\"><br \/><\/span><\/strong><\/td>\r\n<td style=\"width: 10.375%; height: 24px;\"><span style=\"font-family: trebuchet ms, geneva, sans-serif; font-size: 10pt;\">sobota<\/span><\/td>\r\n<td style=\"width: 126.636%; height: 24px;\"><span style=\"font-family: trebuchet ms, geneva, sans-serif; color: #339966;\">pou\u0165 Nep\u0159\u00edv\u011bc cca od 17h<\/span><\/td>\r\n<\/tr>\r\n<tr style=\"height: 24px;\">\r\n<td style=\"width: 19.3563%; height: 24px;\"><strong><span style=\"font-family: trebuchet ms, geneva, sans-serif;\">13.06.2026<\/span><\/strong><\/td>\r\n<td style=\"width: 10.375%; height: 24px;\"><span style=\"font-family: trebuchet ms, geneva, sans-serif; font-size: 10pt;\">sobota<\/span><\/td>\r\n<td style=\"width: 126.636%; height: 24px;\"><span style=\"font-family: trebuchet ms, geneva, sans-serif; color: #339966;\">Vojt\u00ed\u0161k\u016fv statek Stru\u017einec (odpoledne)<\/span><\/td>\r\n<\/tr>\r\n<tr style=\"height: 24px;\">\r\n<td style=\"width: 19.3563%; height: 24px;\"><strong><span style=\"font-family: trebuchet ms, geneva, sans-serif;\">01.08.2026<\/span><\/strong><\/td>\r\n<td style=\"width: 10.375%; height: 24px;\"><span style=\"font-family: trebuchet ms, geneva, sans-serif; font-size: 10pt;\">sobota<\/span><\/td>\r\n<td style=\"width: 126.636%; height: 24px;\"><span style=\"font-family: trebuchet ms, geneva, sans-serif; color: #339966;\">Holani v Holanech jako ka\u017ed\u00fd rok &#8211; ve\u010der<\/span><\/td>\r\n<\/tr>\r\n<tr style=\"height: 24px;\">\r\n<td style=\"width: 19.3563%; height: 24px;\"><strong><span style=\"font-family: trebuchet ms, geneva, sans-serif;\">02.08.2026<\/span><\/strong><\/td>\r\n<td style=\"width: 10.375%; height: 24px;\"><span style=\"font-family: trebuchet ms, geneva, sans-serif; font-size: 10pt;\">ned\u011ble<\/span><\/td>\r\n<td style=\"width: 126.636%; height: 24px;\"><span style=\"font-family: trebuchet ms, geneva, sans-serif; color: #339966;\">kav\u00e1rensk\u00fd koncert za Z\u00e1mkem od 16h<\/span><\/td>\r\n<\/tr>\r\n<tr style=\"height: 24px;\">\r\n<td style=\"width: 19.3563%; height: 24px;\"><strong><span style=\"font-family: trebuchet ms, geneva, sans-serif;\">22.08.2026<\/span><\/strong><\/td>\r\n<td style=\"width: 10.375%; height: 24px;\"><span style=\"font-family: trebuchet ms, geneva, sans-serif; font-size: 10pt;\">sobota<\/span><\/td>\r\n<td style=\"width: 126.636%; height: 24px;\"><span style=\"font-family: trebuchet ms, geneva, sans-serif; color: #339966;\">\u0160likova Ves &#8211; venkovn\u00ed pa\u0159bovna s v\u00fdhledem na Ji\u010d\u00edn<\/span><\/td>\r\n<\/tr>\r\n<tr style=\"height: 24px;\">\r\n<td style=\"width: 19.3563%; height: 24px;\"><strong><span style=\"font-family: trebuchet ms, geneva, sans-serif;\">27.12.2026<\/span><\/strong><\/td>\r\n<td style=\"width: 10.375%; height: 24px;\"><span style=\"font-family: trebuchet ms, geneva, sans-serif; font-size: 10pt;\">ned\u011ble<\/span><\/td>\r\n<td style=\"width: 126.636%; height: 24px;\"><span style=\"font-family: trebuchet ms, geneva, sans-serif; color: #339966;\">V\u00e1no\u010dn\u00ed rachocen\u00ed &#8211; hosp\u016fdka Na Plou\u017enici<\/span><\/td>\r\n<\/tr>\r\n<tr style=\"height: 24px;\">\r\n<td style=\"width: 19.3563%; height: 24px;\"><strong><span style=\"font-family: trebuchet ms, geneva, sans-serif;\">\u00a0<\/span><\/strong><\/td>\r\n<td style=\"width: 10.375%; height: 24px;\"><span style=\"font-family: trebuchet ms, geneva, sans-serif; font-size: 10pt;\">\u00a0<\/span><\/td>\r\n<td style=\"height: 24px; width: 126.636%;\">\u00a0<\/td>\r\n<\/tr>\r\n<\/tbody>\r\n<\/table>\r\n<figure class=\"wp-block-table\"><\/figure>\r\n\r\n<p><span style=\"font-family: trebuchet ms, geneva, sans-serif;\"><strong>\u00a0<\/strong><\/span><\/p>","protected":false},"excerpt":{"rendered":"<p>07.02.2026 sobota Masopust ve Stru\u017einci cca od 17h 14.02.2026 sobota Vidochov chajda (soukr. osadn\u00ed akce) 06.03.2026 p\u00e1tek 15. country b\u00e1l na Z\u00e1mku &#8211; Lomnice nad Popelkou 13.03.2026 p\u00e1tek Skautsk\u00fd b\u00e1l &#8211; Tatobity 21.03.2026 sobota V\u00fdro\u010dn\u00ed sch\u016fze vod\u00e1ck\u00e9ho klubu (soukr. akce) 28.03.2026 sobota n\u00e1\u0161 obl\u00edben\u00fd b\u00fdval\u00fd hospodsk\u00fd slav\u00ed (soukr. akce) 25.04.2026 sobota hran\u00ed v pivovarsk\u00e9m vlaku &hellip; <\/p>\n<p class=\"link-more\"><a href=\"https:\/\/www.rachotbanda.com\/?page_id=2\" class=\"more-link\">Read more<span class=\"screen-reader-text\"> &#8222;Hran\u00ed&#8220;<\/span><\/a><\/p>\n","protected":false},"author":1,"featured_media":0,"parent":0,"menu_order":0,"comment_status":"closed","ping_status":"open","template":"","meta":{"footnotes":""},"class_list":["post-2","page","type-page","status-publish","hentry"],"_links":{"self":[{"href":"https:\/\/www.rachotbanda.com\/index.php?rest_route=\/wp\/v2\/pages\/2","targetHints":{"allow":["GET"]}}],"collection":[{"href":"https:\/\/www.rachotbanda.com\/index.php?rest_route=\/wp\/v2\/pages"}],"about":[{"href":"https:\/\/www.rachotbanda.com\/index.php?rest_route=\/wp\/v2\/types\/page"}],"author":[{"embeddable":true,"href":"https:\/\/www.rachotbanda.com\/index.php?rest_route=\/wp\/v2\/users\/1"}],"replies":[{"embeddable":true,"href":"https:\/\/www.rachotbanda.com\/index.php?rest_route=%2Fwp%2Fv2%2Fcomments&post=2"}],"version-history":[{"count":60,"href":"https:\/\/www.rachotbanda.com\/index.php?rest_route=\/wp\/v2\/pages\/2\/revisions"}],"predecessor-version":[{"id":458,"href":"https:\/\/www.rachotbanda.com\/index.php?rest_route=\/wp\/v2\/pages\/2\/revisions\/458"}],"wp:attachment":[{"href":"https:\/\/www.rachotbanda.com\/index.php?rest_route=%2Fwp%2Fv2%2Fmedia&parent=2"}],"curies":[{"name":"wp","href":"https:\/\/api.w.org\/{rel}","templated":true}]}}