{"id":28,"date":"2022-12-12T19:48:26","date_gmt":"2022-12-12T19:48:26","guid":{"rendered":"https:\/\/www.rachotbanda.com\/?page_id=28"},"modified":"2026-04-13T15:15:49","modified_gmt":"2026-04-13T15:15:49","slug":"index","status":"publish","type":"page","link":"https:\/\/www.rachotbanda.com\/","title":{"rendered":"index"},"content":{"rendered":"<p style=\"text-align: center;\"><span style=\"color: #99cc00;\"><strong>1992-2026 aneb 34 let hudebn\u00ed poh\u00e1dky s n\u00e1zvem RACHOT BANDA. Trad\u00e1\u00e1\u00e1!<\/strong><\/span><\/p>\n<p style=\"text-align: center;\"><img loading=\"lazy\" decoding=\"async\" class=\"alignnone size-full wp-image-461\" src=\"https:\/\/www.rachotbanda.com\/wp-content\/uploads\/2026\/03\/vlak26.jpg\" alt=\"\" width=\"747\" height=\"996\" srcset=\"https:\/\/www.rachotbanda.com\/wp-content\/uploads\/2026\/03\/vlak26.jpg 747w, https:\/\/www.rachotbanda.com\/wp-content\/uploads\/2026\/03\/vlak26-225x300.jpg 225w\" sizes=\"auto, (max-width: 747px) 100vw, 747px\" \/><\/p>\n<p style=\"text-align: center;\"><img loading=\"lazy\" decoding=\"async\" class=\"alignnone wp-image-464\" src=\"https:\/\/www.rachotbanda.com\/wp-content\/uploads\/2026\/04\/pout26.jpg\" alt=\"\" width=\"850\" height=\"1202\" srcset=\"https:\/\/www.rachotbanda.com\/wp-content\/uploads\/2026\/04\/pout26.jpg 1414w, https:\/\/www.rachotbanda.com\/wp-content\/uploads\/2026\/04\/pout26-212x300.jpg 212w, https:\/\/www.rachotbanda.com\/wp-content\/uploads\/2026\/04\/pout26-724x1024.jpg 724w\" sizes=\"auto, (max-width: 850px) 100vw, 850px\" \/><\/p>\n<p style=\"text-align: center;\"><img loading=\"lazy\" decoding=\"async\" class=\"alignnone wp-image-436\" src=\"https:\/\/www.rachotbanda.com\/wp-content\/uploads\/2025\/12\/RB-PF2026-300x157.jpg\" alt=\"\" width=\"850\" height=\"444\" srcset=\"https:\/\/www.rachotbanda.com\/wp-content\/uploads\/2025\/12\/RB-PF2026-300x157.jpg 300w, https:\/\/www.rachotbanda.com\/wp-content\/uploads\/2025\/12\/RB-PF2026-1024x534.jpg 1024w, https:\/\/www.rachotbanda.com\/wp-content\/uploads\/2025\/12\/RB-PF2026.jpg 1280w\" sizes=\"auto, (max-width: 850px) 100vw, 850px\" \/><\/p>\n<p style=\"text-align: center;\"><img loading=\"lazy\" decoding=\"async\" class=\"alignnone wp-image-168\" src=\"https:\/\/www.rachotbanda.com\/wp-content\/uploads\/2022\/12\/rb30plo-300x192.jpg\" alt=\"\" width=\"850\" height=\"545\" srcset=\"https:\/\/www.rachotbanda.com\/wp-content\/uploads\/2022\/12\/rb30plo-300x192.jpg 300w, https:\/\/www.rachotbanda.com\/wp-content\/uploads\/2022\/12\/rb30plo-1024x656.jpg 1024w, https:\/\/www.rachotbanda.com\/wp-content\/uploads\/2022\/12\/rb30plo-768x492.jpg 768w, https:\/\/www.rachotbanda.com\/wp-content\/uploads\/2022\/12\/rb30plo-1536x985.jpg 1536w, https:\/\/www.rachotbanda.com\/wp-content\/uploads\/2022\/12\/rb30plo.jpg 1800w\" sizes=\"auto, (max-width: 850px) 100vw, 850px\" \/><\/p>\n<p style=\"text-align: center;\"><span style=\"font-family: trebuchet ms, geneva, sans-serif; font-size: 10pt;\">\u2193 Rachot Banda a p\u0159\u00e1tel\u00e9 &#8211; Plou\u017enick\u00e1 hosp\u016fdka (prosinec 2023) \u2193<br \/>\n<\/span><\/p>\n<p style=\"text-align: center;\"><img loading=\"lazy\" decoding=\"async\" class=\"alignnone wp-image-233\" src=\"https:\/\/www.rachotbanda.com\/wp-content\/uploads\/2023\/12\/RBplouznice2023-300x174.jpg\" alt=\"\" width=\"850\" height=\"493\" srcset=\"https:\/\/www.rachotbanda.com\/wp-content\/uploads\/2023\/12\/RBplouznice2023-300x174.jpg 300w, https:\/\/www.rachotbanda.com\/wp-content\/uploads\/2023\/12\/RBplouznice2023-1024x593.jpg 1024w, https:\/\/www.rachotbanda.com\/wp-content\/uploads\/2023\/12\/RBplouznice2023-768x445.jpg 768w, https:\/\/www.rachotbanda.com\/wp-content\/uploads\/2023\/12\/RBplouznice2023-1536x890.jpg 1536w, https:\/\/www.rachotbanda.com\/wp-content\/uploads\/2023\/12\/RBplouznice2023-2048x1187.jpg 2048w\" sizes=\"auto, (max-width: 850px) 100vw, 850px\" \/><\/p>\n<p style=\"text-align: center;\"><span style=\"font-size: 10pt; font-family: trebuchet ms, geneva, sans-serif;\">\u2193 A j\u00edzda 30. rokem dojela a\u017e na slavnostn\u00ed narozeninov\u00e9 G\u00e9\u010dko&#8230;vlastn\u011b..G\u00e9\u010dko u\u017e nen\u00ed&#8230;tedy poprv\u00e9 na Z\u00e1mek \u2193<br \/>\n<\/span><img loading=\"lazy\" decoding=\"async\" class=\"wp-image-160 size-full aligncenter\" src=\"https:\/\/www.rachotbanda.com\/wp-content\/uploads\/2022\/12\/rb30m-1.jpg\" alt=\"Rachot banda 2022\" width=\"850\" height=\"485\" srcset=\"https:\/\/www.rachotbanda.com\/wp-content\/uploads\/2022\/12\/rb30m-1.jpg 850w, https:\/\/www.rachotbanda.com\/wp-content\/uploads\/2022\/12\/rb30m-1-300x171.jpg 300w, https:\/\/www.rachotbanda.com\/wp-content\/uploads\/2022\/12\/rb30m-1-768x438.jpg 768w\" sizes=\"auto, (max-width: 850px) 100vw, 850px\" \/><\/p>\n<p style=\"text-align: center;\"><span style=\"color: #000000;\"><span style=\"font-family: trebuchet ms, geneva, sans-serif; font-size: 10pt;\">\u2193 Op\u011bt jsme opanovali na palub\u011b parn\u00edku vlny Matky \u0159eky s bandou lid\u00ed kolem sebe. \u2193<br \/>\nA j\u00edzda 30. rokem pokra\u010dovala&#8230; Nebo plavba?<\/span><span style=\"font-family: trebuchet ms, geneva, sans-serif;\"><span style=\"font-size: 10pt;\"> Kdo se v tom m\u00e1 vyznat.<\/span><\/span><\/span><strong><span style=\"font-family: trebuchet ms, geneva, sans-serif;\"><br \/>\n<img loading=\"lazy\" decoding=\"async\" class=\"wp-image-75 aligncenter\" src=\"https:\/\/www.rachotbanda.com\/wp-content\/uploads\/2022\/12\/RB-30-parnik.jpg\" alt=\"\" width=\"850\" height=\"638\" srcset=\"https:\/\/www.rachotbanda.com\/wp-content\/uploads\/2022\/12\/RB-30-parnik.jpg 1152w, https:\/\/www.rachotbanda.com\/wp-content\/uploads\/2022\/12\/RB-30-parnik-300x225.jpg 300w, https:\/\/www.rachotbanda.com\/wp-content\/uploads\/2022\/12\/RB-30-parnik-1024x768.jpg 1024w, https:\/\/www.rachotbanda.com\/wp-content\/uploads\/2022\/12\/RB-30-parnik-768x576.jpg 768w\" sizes=\"auto, (max-width: 850px) 100vw, 850px\" \/><\/span><\/strong><\/p>\n<p style=\"text-align: center;\"><span class=\"style11\" style=\"font-family: trebuchet ms, geneva, sans-serif; font-size: 10pt;\"><span style=\"color: #000000;\">\u2193 A kdo by to byl \u0159ekl, \u017ee G\u00e9\u010dko v Lomnici jednou (po 40 letech) skon\u010d\u00ed !! \u2193<br \/>\n29 let RB jsme v roce 2021 slavili naposledy na G&#8230;Chjo.<\/span><br \/>\n<img loading=\"lazy\" decoding=\"async\" class=\"wp-image-81 aligncenter\" src=\"https:\/\/www.rachotbanda.com\/wp-content\/uploads\/2022\/12\/gecko2019-1.jpg\" alt=\"\" width=\"850\" height=\"452\" srcset=\"https:\/\/www.rachotbanda.com\/wp-content\/uploads\/2022\/12\/gecko2019-1.jpg 960w, https:\/\/www.rachotbanda.com\/wp-content\/uploads\/2022\/12\/gecko2019-1-300x159.jpg 300w, https:\/\/www.rachotbanda.com\/wp-content\/uploads\/2022\/12\/gecko2019-1-768x408.jpg 768w\" sizes=\"auto, (max-width: 850px) 100vw, 850px\" \/><\/span><\/p>\n<p style=\"text-align: center;\"><span class=\"style11\" style=\"font-family: trebuchet ms, geneva, sans-serif; font-size: 10pt;\"><img loading=\"lazy\" decoding=\"async\" class=\"aligncenter wp-image-87 size-full\" src=\"https:\/\/www.rachotbanda.com\/wp-content\/uploads\/2022\/12\/RB-21-let.jpg\" alt=\"\" width=\"850\" height=\"519\" srcset=\"https:\/\/www.rachotbanda.com\/wp-content\/uploads\/2022\/12\/RB-21-let.jpg 850w, https:\/\/www.rachotbanda.com\/wp-content\/uploads\/2022\/12\/RB-21-let-300x183.jpg 300w, https:\/\/www.rachotbanda.com\/wp-content\/uploads\/2022\/12\/RB-21-let-768x469.jpg 768w\" sizes=\"auto, (max-width: 850px) 100vw, 850px\" \/><\/span><\/p>\n<p style=\"text-align: center;\"><span class=\"style11\" style=\"font-family: trebuchet ms, geneva, sans-serif; font-size: 10pt;\"> <img loading=\"lazy\" decoding=\"async\" class=\"aligncenter wp-image-86 size-full\" src=\"https:\/\/www.rachotbanda.com\/wp-content\/uploads\/2022\/12\/plakat25let.jpg\" alt=\"\" width=\"850\" height=\"1202\" srcset=\"https:\/\/www.rachotbanda.com\/wp-content\/uploads\/2022\/12\/plakat25let.jpg 850w, https:\/\/www.rachotbanda.com\/wp-content\/uploads\/2022\/12\/plakat25let-212x300.jpg 212w, https:\/\/www.rachotbanda.com\/wp-content\/uploads\/2022\/12\/plakat25let-724x1024.jpg 724w, https:\/\/www.rachotbanda.com\/wp-content\/uploads\/2022\/12\/plakat25let-768x1086.jpg 768w\" sizes=\"auto, (max-width: 850px) 100vw, 850px\" \/><\/span><\/p>\n<p style=\"text-align: center;\"><span class=\"style11\" style=\"font-family: trebuchet ms, geneva, sans-serif; font-size: 10pt;\"><img loading=\"lazy\" decoding=\"async\" class=\"aligncenter wp-image-85 size-full\" src=\"https:\/\/www.rachotbanda.com\/wp-content\/uploads\/2022\/12\/koupak-2015.jpg\" alt=\"\" width=\"850\" height=\"617\" srcset=\"https:\/\/www.rachotbanda.com\/wp-content\/uploads\/2022\/12\/koupak-2015.jpg 850w, https:\/\/www.rachotbanda.com\/wp-content\/uploads\/2022\/12\/koupak-2015-300x218.jpg 300w, https:\/\/www.rachotbanda.com\/wp-content\/uploads\/2022\/12\/koupak-2015-768x557.jpg 768w\" sizes=\"auto, (max-width: 850px) 100vw, 850px\" \/><\/span><\/p>\n<p style=\"text-align: center;\"><span class=\"style11\" style=\"font-family: trebuchet ms, geneva, sans-serif; font-size: 10pt;\"><img loading=\"lazy\" decoding=\"async\" class=\"aligncenter wp-image-91 size-full\" src=\"https:\/\/www.rachotbanda.com\/wp-content\/uploads\/2022\/12\/RB20-3Db-sepie.jpg\" alt=\"\" width=\"850\" height=\"450\" srcset=\"https:\/\/www.rachotbanda.com\/wp-content\/uploads\/2022\/12\/RB20-3Db-sepie.jpg 850w, https:\/\/www.rachotbanda.com\/wp-content\/uploads\/2022\/12\/RB20-3Db-sepie-300x159.jpg 300w, https:\/\/www.rachotbanda.com\/wp-content\/uploads\/2022\/12\/RB20-3Db-sepie-768x407.jpg 768w\" sizes=\"auto, (max-width: 850px) 100vw, 850px\" \/><\/span><img loading=\"lazy\" decoding=\"async\" class=\"aligncenter wp-image-90 size-full\" src=\"https:\/\/www.rachotbanda.com\/wp-content\/uploads\/2022\/12\/banner-lod.jpg\" alt=\"\" width=\"850\" height=\"217\" srcset=\"https:\/\/www.rachotbanda.com\/wp-content\/uploads\/2022\/12\/banner-lod.jpg 850w, https:\/\/www.rachotbanda.com\/wp-content\/uploads\/2022\/12\/banner-lod-300x77.jpg 300w, https:\/\/www.rachotbanda.com\/wp-content\/uploads\/2022\/12\/banner-lod-768x196.jpg 768w\" sizes=\"auto, (max-width: 850px) 100vw, 850px\" \/><\/p>\n<p style=\"text-align: center;\"><a href=\"https:\/\/www.toplist.cz\"><script language=\"JavaScript\" type=\"text\/javascript\" charset=\"utf-8\">\n<!--\ndocument.write('<img loading=\"lazy\" decoding=\"async\" src=\"https:\/\/toplist.cz\/count.asp?id=68912&logo=mc&http='+ encodeURIComponent(document.referrer)+'&t='+encodeURIComponent(document.title)+'&l='+encodeURIComponent(document.URL)+ '&wi='+encodeURIComponent(window.screen.width)+'&he='+encodeURIComponent(window.screen.height)+'&cd='+ encodeURIComponent(window.screen.colorDepth)+'\" width=\"88\" height=\"60\" border=0 alt=\"TOPlist\" \/>');\n\/\/--><\/script><noscript><span style=\"display: inline-block; width: 0px; overflow: hidden; line-height: 0;\" data-mce-type=\"bookmark\" class=\"mce_SELRES_start\"><\/span><img loading=\"lazy\" decoding=\"async\" src=\"https:\/\/toplist.cz\/count.asp?id=68912&#038;logo=mc&#038;njs=1\" border=\"0\" alt=\"TOPlist\" width=\"88\" height=\"60\" align=\"center\" \/><span style=\"display: inline-block; width: 0px; overflow: hidden; line-height: 0;\" data-mce-type=\"bookmark\" class=\"mce_SELRES_end\"><\/span><\/noscript><\/a><\/p>\n","protected":false},"excerpt":{"rendered":"<p>1992-2026 aneb 34 let hudebn\u00ed poh\u00e1dky s n\u00e1zvem RACHOT BANDA. Trad\u00e1\u00e1\u00e1! \u2193 Rachot Banda a p\u0159\u00e1tel\u00e9 &#8211; Plou\u017enick\u00e1 hosp\u016fdka (prosinec 2023) \u2193 \u2193 A j\u00edzda 30. rokem dojela a\u017e na slavnostn\u00ed narozeninov\u00e9 G\u00e9\u010dko&#8230;vlastn\u011b..G\u00e9\u010dko u\u017e nen\u00ed&#8230;tedy poprv\u00e9 na Z\u00e1mek \u2193 \u2193 Op\u011bt jsme opanovali na palub\u011b parn\u00edku vlny Matky \u0159eky s bandou lid\u00ed kolem sebe. \u2193 &hellip; <\/p>\n<p class=\"link-more\"><a href=\"https:\/\/www.rachotbanda.com\/\" class=\"more-link\">Read more<span class=\"screen-reader-text\"> &#8222;index&#8220;<\/span><\/a><\/p>\n","protected":false},"author":1,"featured_media":0,"parent":0,"menu_order":0,"comment_status":"closed","ping_status":"closed","template":"","meta":{"footnotes":""},"class_list":["post-28","page","type-page","status-publish","hentry"],"_links":{"self":[{"href":"https:\/\/www.rachotbanda.com\/index.php?rest_route=\/wp\/v2\/pages\/28","targetHints":{"allow":["GET"]}}],"collection":[{"href":"https:\/\/www.rachotbanda.com\/index.php?rest_route=\/wp\/v2\/pages"}],"about":[{"href":"https:\/\/www.rachotbanda.com\/index.php?rest_route=\/wp\/v2\/types\/page"}],"author":[{"embeddable":true,"href":"https:\/\/www.rachotbanda.com\/index.php?rest_route=\/wp\/v2\/users\/1"}],"replies":[{"embeddable":true,"href":"https:\/\/www.rachotbanda.com\/index.php?rest_route=%2Fwp%2Fv2%2Fcomments&post=28"}],"version-history":[{"count":106,"href":"https:\/\/www.rachotbanda.com\/index.php?rest_route=\/wp\/v2\/pages\/28\/revisions"}],"predecessor-version":[{"id":466,"href":"https:\/\/www.rachotbanda.com\/index.php?rest_route=\/wp\/v2\/pages\/28\/revisions\/466"}],"wp:attachment":[{"href":"https:\/\/www.rachotbanda.com\/index.php?rest_route=%2Fwp%2Fv2%2Fmedia&parent=28"}],"curies":[{"name":"wp","href":"https:\/\/api.w.org\/{rel}","templated":true}]}}